{"id":123,"date":"2025-12-04T17:04:42","date_gmt":"2025-12-04T17:04:42","guid":{"rendered":"https:\/\/vinarijaohrid.mk\/shop\/"},"modified":"2026-02-05T16:43:42","modified_gmt":"2026-02-05T16:43:42","slug":"shop","status":"publish","type":"page","link":"https:\/\/vinarijaohrid.mk\/de\/shop\/","title":{"rendered":"Shop"},"content":{"rendered":"<div data-elementor-type=\"wp-page\" data-elementor-id=\"123\" class=\"elementor elementor-123\" data-elementor-post-type=\"page\">\n\t\t\t\t<div class=\"elementor-element elementor-element-4cc280a e-flex e-con-boxed e-con e-parent\" data-id=\"4cc280a\" data-element_type=\"container\" data-e-type=\"container\">\n\t\t\t\t\t<div class=\"e-con-inner\">\n\t\t<div class=\"elementor-element elementor-element-464757a e-con-full e-flex e-con e-child\" data-id=\"464757a\" data-element_type=\"container\" data-e-type=\"container\">\n\t\t\t\t<div class=\"elementor-element elementor-element-5c01af0 elementor-invisible elementor-widget elementor-widget-heading\" data-id=\"5c01af0\" data-element_type=\"widget\" data-e-type=\"widget\" data-settings=\"{&quot;_animation&quot;:&quot;fadeInUp&quot;}\" data-widget_type=\"heading.default\">\n\t\t\t\t\t<h2 class=\"elementor-heading-title elementor-size-default\">Verkaufsstellen<\/h2>\t\t\t\t<\/div>\n\t\t\t\t<div class=\"elementor-element elementor-element-bab19fe elementor-invisible elementor-widget elementor-widget-text-editor\" data-id=\"bab19fe\" data-element_type=\"widget\" data-e-type=\"widget\" data-settings=\"{&quot;_animation&quot;:&quot;fadeInUp&quot;}\" data-widget_type=\"text-editor.default\">\n\t\t\t\t\t\t\t\t\t<p>Unsere Strategie ist es, die Weine des Weinguts Ohrid an den wichtigsten Standorten der Stadt anzubieten \u2013 in f\u00fchrenden Superm\u00e4rkten, Hotels und Restaurants, die den Geist von Ohrid repr\u00e4sentieren.<\/p>\t\t\t\t\t\t\t\t<\/div>\n\t\t\t\t<div class=\"elementor-element elementor-element-84bea4e elementor-invisible elementor-widget elementor-widget-text-editor\" data-id=\"84bea4e\" data-element_type=\"widget\" data-e-type=\"widget\" data-settings=\"{&quot;_animation&quot;:&quot;fadeInUp&quot;}\" data-widget_type=\"text-editor.default\">\n\t\t\t\t\t\t\t\t\tUnser Online-Shop befindet sich derzeit in Vorbereitung und wird schon bald den einfachen Verkauf von Weinen aus allen Teilen des Landes erm\u00f6glichen.\t\t\t\t\t\t\t\t<\/div>\n\t\t\t\t<\/div>\n\t\t<div class=\"elementor-element elementor-element-1a678ef e-con-full e-flex e-con e-child\" data-id=\"1a678ef\" data-element_type=\"container\" data-e-type=\"container\">\n\t\t\t\t<\/div>\n\t\t<div class=\"elementor-element elementor-element-ac51fa9 e-con-full e-flex e-con e-child\" data-id=\"ac51fa9\" data-element_type=\"container\" data-e-type=\"container\">\n\t\t\t\t<\/div>\n\t\t\t\t\t<\/div>\n\t\t\t\t<\/div>\n\t\t\t\t<\/div>","protected":false},"excerpt":{"rendered":"<p>PRODAJNA MESTA Na\u0161a strategija je da vina Vinarije Ohrid budu dostupna na najva\u017enijim lokacijama u gradu, u vode\u0107im marketima, hotelima i restoranima koji predstavljaju duh Ohrida. U toku je priprema na\u0161e online prodavnice, koja \u0107e uskoro omogu\u0107iti jednostavnu kupovinu vina iz bilo kog dela zemlje.<\/p>","protected":false},"author":1,"featured_media":0,"parent":0,"menu_order":0,"comment_status":"closed","ping_status":"closed","template":"","meta":{"footnotes":""},"class_list":["post-123","page","type-page","status-publish","hentry"],"_links":{"self":[{"href":"https:\/\/vinarijaohrid.mk\/de\/wp-json\/wp\/v2\/pages\/123","targetHints":{"allow":["GET"]}}],"collection":[{"href":"https:\/\/vinarijaohrid.mk\/de\/wp-json\/wp\/v2\/pages"}],"about":[{"href":"https:\/\/vinarijaohrid.mk\/de\/wp-json\/wp\/v2\/types\/page"}],"author":[{"embeddable":true,"href":"https:\/\/vinarijaohrid.mk\/de\/wp-json\/wp\/v2\/users\/1"}],"replies":[{"embeddable":true,"href":"https:\/\/vinarijaohrid.mk\/de\/wp-json\/wp\/v2\/comments?post=123"}],"version-history":[{"count":3,"href":"https:\/\/vinarijaohrid.mk\/de\/wp-json\/wp\/v2\/pages\/123\/revisions"}],"predecessor-version":[{"id":3934,"href":"https:\/\/vinarijaohrid.mk\/de\/wp-json\/wp\/v2\/pages\/123\/revisions\/3934"}],"wp:attachment":[{"href":"https:\/\/vinarijaohrid.mk\/de\/wp-json\/wp\/v2\/media?parent=123"}],"curies":[{"name":"wp","href":"https:\/\/api.w.org\/{rel}","templated":true}]}}